{"id":8,"date":"2025-04-27T11:06:09","date_gmt":"2025-04-27T14:06:09","guid":{"rendered":"https:\/\/forexbet.com.br\/?page_id=8"},"modified":"2025-04-27T11:06:49","modified_gmt":"2025-04-27T14:06:49","slug":"p","status":"publish","type":"page","link":"https:\/\/forexbet.com.br\/","title":{"rendered":"p"},"content":{"rendered":"","protected":false},"excerpt":{"rendered":"","protected":false},"author":1,"featured_media":0,"parent":0,"menu_order":0,"comment_status":"closed","ping_status":"closed","template":"page-blank-landingpage.php","meta":{"footnotes":""},"class_list":["post-8","page","type-page","status-publish","hentry"],"yoast_head":"<!-- This site is optimized with the Yoast SEO plugin v24.9 - https:\/\/yoast.com\/wordpress\/plugins\/seo\/ -->\n<title>p - FOREXBET<\/title>\n<meta name=\"robots\" content=\"index, follow, max-snippet:-1, max-image-preview:large, max-video-preview:-1\" \/>\n<link rel=\"canonical\" href=\"https:\/\/forexbet.com.br\/\" \/>\n<meta property=\"og:locale\" content=\"en_US\" \/>\n<meta property=\"og:type\" content=\"article\" \/>\n<meta property=\"og:title\" content=\"p - FOREXBET\" \/>\n<meta property=\"og:url\" content=\"https:\/\/forexbet.com.br\/\" \/>\n<meta property=\"og:site_name\" content=\"FOREXBET\" \/>\n<meta property=\"article:modified_time\" content=\"2025-04-27T14:06:49+00:00\" \/>\n<meta name=\"twitter:card\" content=\"summary_large_image\" \/>\n<script type=\"application\/ld+json\" class=\"yoast-schema-graph\">{\"@context\":\"https:\/\/schema.org\",\"@graph\":[{\"@type\":\"WebPage\",\"@id\":\"https:\/\/forexbet.com.br\/\",\"url\":\"https:\/\/forexbet.com.br\/\",\"name\":\"p - FOREXBET\",\"isPartOf\":{\"@id\":\"https:\/\/forexbet.com.br\/#website\"},\"datePublished\":\"2025-04-27T14:06:09+00:00\",\"dateModified\":\"2025-04-27T14:06:49+00:00\",\"breadcrumb\":{\"@id\":\"https:\/\/forexbet.com.br\/#breadcrumb\"},\"inLanguage\":\"en-US\",\"potentialAction\":[{\"@type\":\"ReadAction\",\"target\":[\"https:\/\/forexbet.com.br\/\"]}]},{\"@type\":\"BreadcrumbList\",\"@id\":\"https:\/\/forexbet.com.br\/#breadcrumb\",\"itemListElement\":[{\"@type\":\"ListItem\",\"position\":1,\"name\":\"Home\",\"item\":\"https:\/\/forexbet.com.br\/\"},{\"@type\":\"ListItem\",\"position\":2,\"name\":\"p\"}]},{\"@type\":\"WebSite\",\"@id\":\"https:\/\/forexbet.com.br\/#website\",\"url\":\"https:\/\/forexbet.com.br\/\",\"name\":\"FOREXBET\",\"description\":\"A \u00fanica casa Que S\u00f3 Lucra Quando Voc\u00ea Vence.\",\"potentialAction\":[{\"@type\":\"SearchAction\",\"target\":{\"@type\":\"EntryPoint\",\"urlTemplate\":\"https:\/\/forexbet.com.br\/?s={search_term_string}\"},\"query-input\":{\"@type\":\"PropertyValueSpecification\",\"valueRequired\":true,\"valueName\":\"search_term_string\"}}],\"inLanguage\":\"en-US\"}]}<\/script>\n<!-- \/ Yoast SEO plugin. -->","yoast_head_json":{"title":"p - FOREXBET","robots":{"index":"index","follow":"follow","max-snippet":"max-snippet:-1","max-image-preview":"max-image-preview:large","max-video-preview":"max-video-preview:-1"},"canonical":"https:\/\/forexbet.com.br\/","og_locale":"en_US","og_type":"article","og_title":"p - FOREXBET","og_url":"https:\/\/forexbet.com.br\/","og_site_name":"FOREXBET","article_modified_time":"2025-04-27T14:06:49+00:00","twitter_card":"summary_large_image","schema":{"@context":"https:\/\/schema.org","@graph":[{"@type":"WebPage","@id":"https:\/\/forexbet.com.br\/","url":"https:\/\/forexbet.com.br\/","name":"p - FOREXBET","isPartOf":{"@id":"https:\/\/forexbet.com.br\/#website"},"datePublished":"2025-04-27T14:06:09+00:00","dateModified":"2025-04-27T14:06:49+00:00","breadcrumb":{"@id":"https:\/\/forexbet.com.br\/#breadcrumb"},"inLanguage":"en-US","potentialAction":[{"@type":"ReadAction","target":["https:\/\/forexbet.com.br\/"]}]},{"@type":"BreadcrumbList","@id":"https:\/\/forexbet.com.br\/#breadcrumb","itemListElement":[{"@type":"ListItem","position":1,"name":"Home","item":"https:\/\/forexbet.com.br\/"},{"@type":"ListItem","position":2,"name":"p"}]},{"@type":"WebSite","@id":"https:\/\/forexbet.com.br\/#website","url":"https:\/\/forexbet.com.br\/","name":"FOREXBET","description":"A \u00fanica casa Que S\u00f3 Lucra Quando Voc\u00ea Vence.","potentialAction":[{"@type":"SearchAction","target":{"@type":"EntryPoint","urlTemplate":"https:\/\/forexbet.com.br\/?s={search_term_string}"},"query-input":{"@type":"PropertyValueSpecification","valueRequired":true,"valueName":"search_term_string"}}],"inLanguage":"en-US"}]}},"_links":{"self":[{"href":"https:\/\/forexbet.com.br\/index.php\/wp-json\/wp\/v2\/pages\/8","targetHints":{"allow":["GET"]}}],"collection":[{"href":"https:\/\/forexbet.com.br\/index.php\/wp-json\/wp\/v2\/pages"}],"about":[{"href":"https:\/\/forexbet.com.br\/index.php\/wp-json\/wp\/v2\/types\/page"}],"author":[{"embeddable":true,"href":"https:\/\/forexbet.com.br\/index.php\/wp-json\/wp\/v2\/users\/1"}],"replies":[{"embeddable":true,"href":"https:\/\/forexbet.com.br\/index.php\/wp-json\/wp\/v2\/comments?post=8"}],"version-history":[{"count":2,"href":"https:\/\/forexbet.com.br\/index.php\/wp-json\/wp\/v2\/pages\/8\/revisions"}],"predecessor-version":[{"id":11,"href":"https:\/\/forexbet.com.br\/index.php\/wp-json\/wp\/v2\/pages\/8\/revisions\/11"}],"wp:attachment":[{"href":"https:\/\/forexbet.com.br\/index.php\/wp-json\/wp\/v2\/media?parent=8"}],"curies":[{"name":"wp","href":"https:\/\/api.w.org\/{rel}","templated":true}]}}